{"id":6169,"date":"2015-11-13T12:50:00","date_gmt":"2015-11-13T11:50:00","guid":{"rendered":"https:\/\/www.emozionidargento.com\/chi-siamo\/"},"modified":"2023-12-01T15:43:42","modified_gmt":"2023-12-01T14:43:42","slug":"about-us","status":"publish","type":"page","link":"https:\/\/www.emozionidargento.com\/en\/about-us\/","title":{"rendered":"About us"},"content":{"rendered":"<p>[et_pb_section fb_built=&#8221;1&#8243; fullwidth=&#8221;on&#8221; admin_label=&#8221;Header&#8221; _builder_version=&#8221;4.23.1&#8243; custom_padding=&#8221;0px|0|0px|0px|false|false&#8221; top_divider_style=&#8221;arrow3&#8243; top_divider_color=&#8221;rgba(255,255,255,0.3)&#8221; top_divider_height=&#8221;100%&#8221; top_divider_repeat=&#8221;2x&#8221; bottom_divider_color=&#8221;rgba(255,255,255,0.33)&#8221; bottom_divider_height=&#8221;500px&#8221; global_colors_info=&#8221;{}&#8221;][et_pb_fullwidth_header title=&#8221;About us&#8221; subhead=&#8221;50 years of experience&#8221; text_orientation=&#8221;center&#8221; content_max_width=&#8221;70%&#8221; content_max_width_tablet=&#8221;100%&#8221; content_max_width_phone=&#8221;&#8221; content_max_width_last_edited=&#8221;on|phone&#8221; _builder_version=&#8221;4.23.1&#8243; title_font=&#8221;Cormorant Garamond|500|||||||&#8221; title_font_size=&#8221;5vw&#8221; title_line_height=&#8221;1.5em&#8221; content_font=&#8221;||||||||&#8221; subhead_font=&#8221;Poppins|700||on|||||&#8221; subhead_font_size=&#8221;16px&#8221; subhead_letter_spacing=&#8221;15px&#8221; subhead_line_height=&#8221;2em&#8221; background_color=&#8221;rgba(255,255,255,0)&#8221; background_image=&#8221;https:\/\/www.emozionidargento.com\/wp-content\/uploads\/2023\/11\/ingrosso-argenteria.jpg&#8221; parallax=&#8221;on&#8221; parallax_method=&#8221;on&#8221; custom_button_one=&#8221;on&#8221; button_one_text_size=&#8221;14px&#8221; button_one_text_color=&#8221;#000000&#8243; button_one_bg_color=&#8221;#ffffff&#8221; button_one_border_width=&#8221;14px&#8221; button_one_border_color=&#8221;#ffffff&#8221; button_one_border_radius=&#8221;0px&#8221; button_one_letter_spacing=&#8221;4px&#8221; button_one_font=&#8221;Poppins|500||on|||||&#8221; background_layout=&#8221;light&#8221; custom_margin=&#8221;||||false&#8221; custom_padding=&#8221;10vw||10vw||true&#8221; title_font_size_tablet=&#8221;40px&#8221; title_font_size_phone=&#8221;&#8221; title_font_size_last_edited=&#8221;on|desktop&#8221; subhead_font_size_tablet=&#8221;40px&#8221; subhead_font_size_last_edited=&#8221;off|desktop&#8221; subhead_letter_spacing_tablet=&#8221;&#8221; subhead_letter_spacing_phone=&#8221;0px&#8221; subhead_letter_spacing_last_edited=&#8221;on|phone&#8221; button_one_border_color_hover=&#8221;#ecd5c5&#8243; button_one_border_radius_hover=&#8221;0px&#8221; button_one_letter_spacing_hover=&#8221;4px&#8221; button_one_bg_color_hover=&#8221;#ecd5c5&#8243; global_colors_info=&#8221;{}&#8221; button_one_text_size__hover_enabled=&#8221;off&#8221; button_two_text_size__hover_enabled=&#8221;off&#8221; button_one_text_color__hover_enabled=&#8221;off&#8221; button_two_text_color__hover_enabled=&#8221;off&#8221; button_one_border_width__hover_enabled=&#8221;off&#8221; button_two_border_width__hover_enabled=&#8221;off&#8221; button_one_border_color__hover_enabled=&#8221;on&#8221; button_one_border_color__hover=&#8221;#ecd5c5&#8243; button_two_border_color__hover_enabled=&#8221;off&#8221; button_one_border_radius__hover_enabled=&#8221;on&#8221; button_one_border_radius__hover=&#8221;0px&#8221; button_two_border_radius__hover_enabled=&#8221;off&#8221; button_one_letter_spacing__hover_enabled=&#8221;on&#8221; button_one_letter_spacing__hover=&#8221;4px&#8221; button_two_letter_spacing__hover_enabled=&#8221;off&#8221; button_one_bg_color__hover_enabled=&#8221;on&#8221; button_one_bg_color__hover=&#8221;#ecd5c5&#8243; button_two_bg_color__hover_enabled=&#8221;off&#8221;][\/et_pb_fullwidth_header][\/et_pb_section][et_pb_section fb_built=&#8221;1&#8243; admin_label=&#8221;About Us&#8221; _builder_version=&#8221;4.16&#8243; custom_padding=&#8221;100px|0px|100px|0px|true|false&#8221; locked=&#8221;off&#8221; global_colors_info=&#8221;{}&#8221;][et_pb_row column_structure=&#8221;1_2,1_2&#8243; _builder_version=&#8221;4.16&#8243; global_colors_info=&#8221;{}&#8221;][et_pb_column type=&#8221;1_2&#8243; _builder_version=&#8221;4.16&#8243; custom_padding=&#8221;|||&#8221; global_colors_info=&#8221;{}&#8221; custom_padding__hover=&#8221;|||&#8221;][et_pb_image src=&#8221;https:\/\/www.emozionidargento.com\/wp-content\/uploads\/2018\/02\/3424-2a7-Silver-Frame-Quarzite-925-scaled.jpg&#8221; alt=&#8221;Silver Frame Quarzite 925&#8243; title_text=&#8221;Silver Frame Quarzite 925&#8243; force_fullwidth=&#8221;on&#8221; align_tablet=&#8221;center&#8221; align_phone=&#8221;center&#8221; align_last_edited=&#8221;on|desktop&#8221; _builder_version=&#8221;4.23.1&#8243; custom_margin=&#8221;|||&#8221; custom_margin_tablet=&#8221;-160px|||&#8221; custom_margin_phone=&#8221;0px|||&#8221; custom_margin_last_edited=&#8221;off|desktop&#8221; animation_style=&#8221;slide&#8221; animation_direction=&#8221;bottom&#8221; animation_intensity_slide=&#8221;5%&#8221; hover_enabled=&#8221;0&#8243; box_shadow_style=&#8221;preset3&#8243; box_shadow_vertical=&#8221;70px&#8221; box_shadow_blur=&#8221;80px&#8221; box_shadow_spread=&#8221;-60px&#8221; global_colors_info=&#8221;{}&#8221; sticky_enabled=&#8221;0&#8243;][\/et_pb_image][\/et_pb_column][et_pb_column type=&#8221;1_2&#8243; _builder_version=&#8221;4.16&#8243; custom_padding=&#8221;10%|||6%&#8221; global_colors_info=&#8221;{}&#8221; custom_padding__hover=&#8221;|||&#8221;][et_pb_text _builder_version=&#8221;4.23.1&#8243; text_font=&#8221;Cormorant Garamond||||||||&#8221; text_line_height=&#8221;1.8em&#8221; link_font=&#8221;||||||||&#8221; ul_font=&#8221;||||||||&#8221; header_font=&#8221;||||||||&#8221; header_2_font=&#8221;||||||||&#8221; header_3_font=&#8221;||||||||&#8221; header_3_font_size=&#8221;45px&#8221; header_3_line_height=&#8221;1.5em&#8221; max_width_tablet=&#8221;100%&#8221; max_width_phone=&#8221;100%&#8221; max_width_last_edited=&#8221;off|desktop&#8221; module_alignment=&#8221;right&#8221; custom_padding=&#8221;|||&#8221; custom_padding_tablet=&#8221;|||0px&#8221; custom_padding_phone=&#8221;&#8221; custom_padding_last_edited=&#8221;on|tablet&#8221; global_colors_info=&#8221;{}&#8221;]<\/p>\n<h3>Since 1972<\/h3>\n<p>Center Silver\u00a0was founded in 1972 thanks to extensive experience and deep passion of one of the Ciacci brothers who, after working in the sector for ten years, decided to open a new company capable of spreading the silver culture into the precious metal market and acting as a reference point in central Italy for all companies operating in the distribution of the finished product.\u00a0<\/p>\n<p>The company was founded thanks to the perfect combination of entrepreneurial talent and love for a material that has always fascinated and conquered: silver. It is this passion that drove the Ciacci brothers to chose products of impeccable quality made using the best techniques and with stylish looks for their clients on a daily basis.<\/p>\n<p>Reliability, professionalism, choice of high quality raw materials and over twenty years experience now allow the Ciacci brothers to present the Center Silver on line with Emozioni D&#8217;Argento. Buying silver and crystal on this site means having the guarantee of receiving an excellent product both in regards to\u00a0the raw material and processing. Choose a gift, decorating the rooms in your home with unique objects or setting up their shop windows becomes an absolute pleasure and a real comfort with Emozioni D&#8217;Argento. With just a few clicks you can choose other beautiful objects meant to last forever.<\/p>\n<p>[\/et_pb_text][et_pb_text _builder_version=&#8221;4.23.1&#8243; text_font=&#8221;Cormorant Garamond||||||||&#8221; text_font_size=&#8221;16px&#8221; header_font=&#8221;||||||||&#8221; header_6_font=&#8221;Sacramento||||||||&#8221; header_6_font_size=&#8221;40px&#8221; max_width_last_edited=&#8221;off|desktop&#8221; custom_margin=&#8221;|||&#8221; custom_margin_tablet=&#8221;|||0px&#8221; custom_margin_phone=&#8221;|||0px&#8221; custom_margin_last_edited=&#8221;on|tablet&#8221; custom_padding=&#8221;|||&#8221; animation_style=&#8221;fold&#8221; animation_direction=&#8221;left&#8221; hover_enabled=&#8221;0&#8243; global_colors_info=&#8221;{}&#8221; sticky_enabled=&#8221;0&#8243;]<\/p>\n<h6>F.lli Ciacci<\/h6>\n<p>Founders<\/p>\n<p>[\/et_pb_text][\/et_pb_column][\/et_pb_row][\/et_pb_section][et_pb_section fb_built=&#8221;1&#8243; specialty=&#8221;on&#8221; custom_padding_last_edited=&#8221;on|desktop&#8221; padding_top_1=&#8221;0px&#8221; padding_top_2=&#8221;5%&#8221; padding_1_tablet=&#8221;60px|||&#8221; padding_1_phone=&#8221;&#8221; padding_1_last_edited=&#8221;on|tablet&#8221; _builder_version=&#8221;4.16&#8243; use_background_color_gradient=&#8221;on&#8221; background_color_gradient_stops=&#8221;#ffffff 0%|#fff4f2 100%&#8221; background_color_gradient_start=&#8221;#ffffff&#8221; background_color_gradient_end=&#8221;#fff4f2&#8243; inner_width=&#8221;100%&#8221; inner_max_width=&#8221;100%&#8221; custom_margin=&#8221;|||&#8221; custom_padding=&#8221;0|5%|||false|false&#8221; custom_padding_tablet=&#8221;|10%||10%||true&#8221; custom_padding_phone=&#8221;&#8221; use_custom_width=&#8221;on&#8221; width_unit=&#8221;off&#8221; custom_width_percent=&#8221;100%&#8221; global_colors_info=&#8221;{}&#8221;][et_pb_column type=&#8221;1_3&#8243; _builder_version=&#8221;4.16&#8243; custom_padding=&#8221;|||&#8221; global_colors_info=&#8221;{}&#8221; custom_padding__hover=&#8221;|||&#8221;][et_pb_image src=&#8221;https:\/\/www.emozionidargento.com\/wp-content\/uploads\/2021\/08\/4634-fb4-Pigna-Ceramica-Argentata-4634.jpg&#8221; alt=&#8221;Pigna Ceramica Argentata-4634&#8243; title_text=&#8221;Pigna Ceramica Argentata-4634&#8243; show_bottom_space=&#8221;off&#8221; force_fullwidth=&#8221;on&#8221; align_tablet=&#8221;center&#8221; align_phone=&#8221;center&#8221; align_last_edited=&#8221;on|desktop&#8221; _builder_version=&#8221;4.23.1&#8243; locked=&#8221;off&#8221; global_colors_info=&#8221;{}&#8221;][\/et_pb_image][\/et_pb_column][et_pb_column type=&#8221;2_3&#8243; specialty_columns=&#8221;2&#8243; _builder_version=&#8221;4.16&#8243; custom_padding=&#8221;|||&#8221; global_colors_info=&#8221;{}&#8221; custom_padding__hover=&#8221;|||&#8221;][et_pb_row_inner _builder_version=&#8221;4.16&#8243; custom_padding=&#8221;||20px||false|false&#8221; global_colors_info=&#8221;{}&#8221;][et_pb_column_inner saved_specialty_column_type=&#8221;2_3&#8243; _builder_version=&#8221;4.16&#8243; custom_padding=&#8221;|||&#8221; global_colors_info=&#8221;{}&#8221; custom_padding__hover=&#8221;|||&#8221;][et_pb_text admin_label=&#8221;Subheading&#8221; _builder_version=&#8221;4.23.1&#8243; text_font=&#8221;Cormorant Garamond||||||||&#8221; text_line_height=&#8221;1.8em&#8221; link_font=&#8221;||||||||&#8221; ul_font=&#8221;||||||||&#8221; header_font=&#8221;||||||||&#8221; header_2_font=&#8221;||||||||&#8221; header_3_font=&#8221;||||||||&#8221; header_3_font_size=&#8221;45px&#8221; header_3_line_height=&#8221;1.5em&#8221; header_4_font=&#8221;||||||||&#8221; header_5_font=&#8221;Poppins|700||on|||||&#8221; header_5_text_color=&#8221;#ecd5c5&#8243; header_5_letter_spacing=&#8221;15px&#8221; header_5_line_height=&#8221;1.8em&#8221; max_width_tablet=&#8221;100%&#8221; max_width_phone=&#8221;100%&#8221; max_width_last_edited=&#8221;off|desktop&#8221; module_alignment=&#8221;right&#8221; custom_margin=&#8221;|||&#8221; custom_padding=&#8221;|||&#8221; locked=&#8221;off&#8221; global_colors_info=&#8221;{}&#8221;]<\/p>\n<h3>Photogallery<\/h3>\n<p>[\/et_pb_text][\/et_pb_column_inner][\/et_pb_row_inner][et_pb_row_inner _builder_version=&#8221;4.23.1&#8243; _module_preset=&#8221;default&#8221; global_colors_info=&#8221;{}&#8221;][et_pb_column_inner saved_specialty_column_type=&#8221;2_3&#8243; _builder_version=&#8221;4.23.1&#8243; _module_preset=&#8221;default&#8221; global_colors_info=&#8221;{}&#8221;][et_pb_gallery gallery_ids=&#8221;12852,12854,12856,12858,12860,12862,12864,12866,12868,12870,12872,12874,12876,12878,12880,12882,12884,12886,12888,12890,12892,12894&#8243; gallery_orderby=&#8221;rand&#8221; posts_number=&#8221;20&#8243; show_title_and_caption=&#8221;off&#8221; show_pagination=&#8221;off&#8221; _builder_version=&#8221;4.23.1&#8243; _module_preset=&#8221;default&#8221; global_colors_info=&#8221;{}&#8221;][\/et_pb_gallery][\/et_pb_column_inner][\/et_pb_row_inner][\/et_pb_column][\/et_pb_section]<\/p>\n","protected":false},"excerpt":{"rendered":"<p>Since 1972 Center Silver\u00a0was founded in 1972 thanks to extensive experience and deep passion of one of the Ciacci brothers who, after working in the sector for ten years, decided to open a new company capable of spreading the silver culture into the precious metal market and acting as a reference point in central Italy [&hellip;]<\/p>\n","protected":false},"author":1,"featured_media":3952,"parent":0,"menu_order":1,"comment_status":"closed","ping_status":"closed","template":"","meta":{"_et_pb_use_builder":"on","_et_pb_old_content":"<h1 class=\"page-heading\"><strong class=\"h_m_text\">Chi siamo<\/strong><\/h1><p>Center Silver nasce nel 1972 dall\u2019incontro di una lunga esperienza e di una profonda passione\u2026quella dei fratelli Ciacci, i quali, operando nel settore gi\u00e0 da una decina d\u2019anni, decisero di dar vita ad un\u2019azienda nuova\u2026un\u2019azienda capace di diffondere la <strong>cultura dell\u2019argento<\/strong> all\u2019interno del mercato dei preziosi, e di porsi come <strong>punto di riferimento nel centro Italia<\/strong> per tutte le realt\u00e0 operanti nel settore della distribuzione del prodotto finito.<\/p><p>L\u2019azienda nasce quindi dal perfetto connubio tra <strong>talento imprenditoriale ed amore per una materia <\/strong>che da sempre affascina e conquista: l\u2019argento. Ed \u00e8 proprio questa passione che spinge i fratelli Ciacci a scegliere ogni giorno per i propri clienti prodotti di ineccepibile qualit\u00e0, realizzati secondo le migliori tecniche e con un design sempre alla moda.<\/p><p>Seriet\u00e0, professionalit\u00e0, scelta di materie prime di qualit\u00e0 ed un\u2019esperienza ventennale consentono oggi ai fratelli Ciacci di presentarsi con Center Silver anche online, con Emozioni D\u2019Argento. Acquistare argenti e cristalli su questo sito significa avere <strong>la garanzia di ricevere un prodotto eccellente <\/strong>sia per quanto riguarda la materia prima che per la lavorazione. Scegliere <strong>un dono<\/strong>, impreziosire gli <strong>ambienti di casa<\/strong> con oggetti unici nel loro genere o allestire la propria <strong>vetrina<\/strong> diventa un assoluto piacere ed una vera comodit\u00e0 con Emozioni D\u2019Argento: <strong>pochi click<\/strong> per scegliere <strong>per s\u00e9 e per gli altri oggetti bellissimi destinati a durare per sempre<\/strong>.<\/p><ul class=\"gallerya\"><li><a class=\"myfancybox\" href=\"\/img\/cms\/emozioni-dargento-1.jpg\"> <img src=\"\/img\/cms\/emozioni-dargento-1.jpg\" alt=\"\" \/><\/a><\/li><li><a class=\"myfancybox\" href=\"\/img\/cms\/emozionidargento-3.jpg\"> <img src=\"\/img\/cms\/emozionidargento-3.jpg\" alt=\"\" \/><\/a><\/li><li><a class=\"myfancybox\" href=\"\/img\/cms\/emozionidargento-4.jpg\"> <img src=\"\/img\/cms\/emozionidargento-4.jpg\" alt=\"\" \/><\/a><\/li><li><a class=\"myfancybox\" href=\"\/img\/cms\/emozionidargento-5.jpg\"> <img src=\"\/img\/cms\/emozionidargento-5.jpg\" alt=\"\" \/><\/a><\/li><li><a class=\"myfancybox\" href=\"\/img\/cms\/emozionidargento-6.jpg\"> <img src=\"\/img\/cms\/emozionidargento-6.jpg\" alt=\"\" \/><\/a><\/li><li><a class=\"myfancybox\" href=\"\/img\/cms\/emozionidargento-7.jpg\"> <img src=\"\/img\/cms\/emozionidargento-7.jpg\" alt=\"\" \/><\/a><\/li><li><a class=\"myfancybox\" href=\"\/img\/cms\/emozionidargento-8.jpg\"> <img src=\"\/img\/cms\/emozionidargento-8.jpg\" alt=\"\" \/><\/a><\/li><li><a class=\"myfancybox\" href=\"\/img\/cms\/emozionidargento-9.jpg\"> <img src=\"\/img\/cms\/emozionidargento-9.jpg\" alt=\"\" \/><\/a><\/li><li><a class=\"myfancybox\" href=\"\/img\/cms\/emozionidargento-10.jpg\"> <img src=\"\/img\/cms\/emozionidargento-10.jpg\" alt=\"\" \/><\/a><\/li><li><a class=\"myfancybox\" href=\"\/img\/cms\/emozionidargento-11.jpg\"> <img src=\"\/img\/cms\/emozionidargento-11.jpg\" alt=\"\" \/><\/a><\/li><li><a class=\"myfancybox\" href=\"\/img\/cms\/emozionidargento-12.jpg\"> <img src=\"\/img\/cms\/emozionidargento-12.jpg\" alt=\"\" \/><\/a><\/li><li><a class=\"myfancybox\" href=\"\/img\/cms\/emozionidargento-13.jpg\"> <img src=\"\/img\/cms\/emozionidargento-13.jpg\" alt=\"\" \/><\/a><\/li><li><a class=\"myfancybox\" href=\"\/img\/cms\/emozionidargento-14.jpg\"> <img src=\"\/img\/cms\/emozionidargento-14.jpg\" alt=\"\" \/><\/a><\/li><li><a class=\"myfancybox\" href=\"\/img\/cms\/emozionidargento-15.jpg\"> <img src=\"\/img\/cms\/emozionidargento-15.jpg\" alt=\"\" \/><\/a><\/li><li><a class=\"myfancybox\" href=\"\/img\/cms\/emozionidargento-16.jpg\"> <img src=\"\/img\/cms\/emozionidargento-16.jpg\" alt=\"\" \/><\/a><\/li><li><a class=\"myfancybox\" href=\"\/img\/cms\/emozionidargento-17.jpg\"> <img src=\"\/img\/cms\/emozionidargento-17.jpg\" alt=\"\" \/><\/a><\/li><li><a class=\"myfancybox\" href=\"\/img\/cms\/emozionidargento-18.jpg\"> <img src=\"\/img\/cms\/emozionidargento-18.jpg\" alt=\"\" \/><\/a><\/li><li><a class=\"myfancybox\" href=\"\/img\/cms\/emozionidargento-19.jpg\"> <img src=\"\/img\/cms\/emozionidargento-19.jpg\" alt=\"\" \/><\/a><\/li><li><a class=\"myfancybox\" href=\"\/img\/cms\/emozionidargento-20.jpg\"> <img src=\"\/img\/cms\/emozionidargento-20.jpg\" alt=\"\" \/><\/a><\/li><li><a class=\"myfancybox\" href=\"\/img\/cms\/emozionidargento-21.jpg\"> <img src=\"\/img\/cms\/emozionidargento-21.jpg\" alt=\"\" \/><\/a><\/li><li><a class=\"myfancybox\" href=\"\/img\/cms\/emozionidargento-22.jpg\"> <img src=\"\/img\/cms\/emozionidargento-22.jpg\" alt=\"\" \/><\/a><\/li><li><a class=\"myfancybox\" href=\"\/img\/cms\/emozionidargento-23.jpg\"> <img src=\"\/img\/cms\/emozionidargento-23.jpg\" alt=\"\" \/><\/a><\/li><\/ul>","_et_gb_content_width":"","footnotes":""},"class_list":["post-6169","page","type-page","status-publish","has-post-thumbnail","hentry"],"_links":{"self":[{"href":"https:\/\/www.emozionidargento.com\/en\/wp-json\/wp\/v2\/pages\/6169","targetHints":{"allow":["GET"]}}],"collection":[{"href":"https:\/\/www.emozionidargento.com\/en\/wp-json\/wp\/v2\/pages"}],"about":[{"href":"https:\/\/www.emozionidargento.com\/en\/wp-json\/wp\/v2\/types\/page"}],"author":[{"embeddable":true,"href":"https:\/\/www.emozionidargento.com\/en\/wp-json\/wp\/v2\/users\/1"}],"replies":[{"embeddable":true,"href":"https:\/\/www.emozionidargento.com\/en\/wp-json\/wp\/v2\/comments?post=6169"}],"version-history":[{"count":5,"href":"https:\/\/www.emozionidargento.com\/en\/wp-json\/wp\/v2\/pages\/6169\/revisions"}],"predecessor-version":[{"id":12911,"href":"https:\/\/www.emozionidargento.com\/en\/wp-json\/wp\/v2\/pages\/6169\/revisions\/12911"}],"wp:featuredmedia":[{"embeddable":true,"href":"https:\/\/www.emozionidargento.com\/en\/wp-json\/wp\/v2\/media\/3952"}],"wp:attachment":[{"href":"https:\/\/www.emozionidargento.com\/en\/wp-json\/wp\/v2\/media?parent=6169"}],"curies":[{"name":"wp","href":"https:\/\/api.w.org\/{rel}","templated":true}]}}